{"id":5080,"date":"2020-05-16T16:58:39","date_gmt":"2020-05-16T16:58:39","guid":{"rendered":"https:\/\/beachaddress.immo\/services\/"},"modified":"2020-06-05T15:11:34","modified_gmt":"2020-06-05T15:11:34","slug":"servicios","status":"publish","type":"page","link":"https:\/\/beachaddress.immo\/es\/servicios\/","title":{"rendered":"Servicios"},"content":{"rendered":"\t\t<div data-elementor-type=\"wp-page\" data-elementor-id=\"5080\" class=\"elementor elementor-5080 elementor-2\">\n\t\t\t\t\t\t<div class=\"elementor-inner\">\n\t\t\t\t<div class=\"elementor-section-wrap\">\n\t\t\t\t\t\t\t\t\t<section class=\"elementor-section elementor-top-section elementor-element elementor-element-4c64fb0 elementor-section-boxed elementor-section-height-default elementor-section-height-default\" data-id=\"4c64fb0\" data-element_type=\"section\">\n\t\t\t\t\t\t<div class=\"elementor-container elementor-column-gap-default\">\n\t\t\t\t\t\t\t<div class=\"elementor-row\">\n\t\t\t\t\t<div class=\"elementor-column elementor-col-33 elementor-top-column elementor-element elementor-element-b1d1715\" data-id=\"b1d1715\" data-element_type=\"column\">\n\t\t\t<div class=\"elementor-column-wrap elementor-element-populated\">\n\t\t\t\t\t\t\t<div class=\"elementor-widget-wrap\">\n\t\t\t\t\t\t<div class=\"elementor-element elementor-element-24152d4 elementor-widget elementor-widget-image\" data-id=\"24152d4\" data-element_type=\"widget\" data-widget_type=\"image.default\">\n\t\t\t\t<div class=\"elementor-widget-container\">\n\t\t\t\t\t\t\t\t<div class=\"elementor-image\">\n\t\t\t\t\t\t\t\t\t\t\t\t<img width=\"93\" height=\"88\" src=\"https:\/\/beachaddress.immo\/wp-content\/uploads\/2020\/05\/icono1.png\" class=\"attachment-large size-large\" alt=\"\" loading=\"lazy\" \/>\t\t\t\t\t\t\t\t\t\t\t\t\t\t<\/div>\n\t\t\t\t\t\t<\/div>\n\t\t\t\t<\/div>\n\t\t\t\t<div class=\"elementor-element elementor-element-8f21735 elementor-widget elementor-widget-heading\" data-id=\"8f21735\" data-element_type=\"widget\" data-widget_type=\"heading.default\">\n\t\t\t\t<div class=\"elementor-widget-container\">\n\t\t\t<h3 class=\"elementor-heading-title elementor-size-default\">PRE-SELECCI\u00d3N DE PROPIEDADES<\/h3>\t\t<\/div>\n\t\t\t\t<\/div>\n\t\t\t\t<div class=\"elementor-element elementor-element-77317bf elementor-widget elementor-widget-text-editor\" data-id=\"77317bf\" data-element_type=\"widget\" data-widget_type=\"text-editor.default\">\n\t\t\t\t<div class=\"elementor-widget-container\">\n\t\t\t\t\t\t\t\t<div class=\"elementor-text-editor elementor-clearfix\">\n\t\t\t\t<p>Beach Address Group selecciona rigurosamente los programas inmobiliarios ofrecidos a sus clientes inversores en funci\u00f3n de criterios objetivos:<\/p><ul style=\"text-align: justify;\"><li>Relaci\u00f3n calidad-precio \/ ubicaci\u00f3n<\/li><li>Experiencia, solidez financiera y organizaci\u00f3n de los promotores inmobiliarios<\/li><li>Verificaciones legales (t\u00edtulo de la tierra, permiso de construcci\u00f3n &#8230;)<\/li><\/ul>\t\t\t\t\t<\/div>\n\t\t\t\t\t\t<\/div>\n\t\t\t\t<\/div>\n\t\t\t\t\t\t<\/div>\n\t\t\t\t\t<\/div>\n\t\t<\/div>\n\t\t\t\t<div class=\"elementor-column elementor-col-33 elementor-top-column elementor-element elementor-element-e16ab31\" data-id=\"e16ab31\" data-element_type=\"column\">\n\t\t\t<div class=\"elementor-column-wrap elementor-element-populated\">\n\t\t\t\t\t\t\t<div class=\"elementor-widget-wrap\">\n\t\t\t\t\t\t<div class=\"elementor-element elementor-element-bbbc038 elementor-widget elementor-widget-image\" data-id=\"bbbc038\" data-element_type=\"widget\" data-widget_type=\"image.default\">\n\t\t\t\t<div class=\"elementor-widget-container\">\n\t\t\t\t\t\t\t\t<div class=\"elementor-image\">\n\t\t\t\t\t\t\t\t\t\t\t\t<img width=\"93\" height=\"88\" src=\"https:\/\/beachaddress.immo\/wp-content\/uploads\/2020\/05\/icono2.png\" class=\"attachment-large size-large\" alt=\"\" loading=\"lazy\" \/>\t\t\t\t\t\t\t\t\t\t\t\t\t\t<\/div>\n\t\t\t\t\t\t<\/div>\n\t\t\t\t<\/div>\n\t\t\t\t<div class=\"elementor-element elementor-element-b31f29b elementor-widget elementor-widget-heading\" data-id=\"b31f29b\" data-element_type=\"widget\" data-widget_type=\"heading.default\">\n\t\t\t\t<div class=\"elementor-widget-container\">\n\t\t\t<h3 class=\"elementor-heading-title elementor-size-default\">VISITA DE LOS PROGRAMAS\nINMOBILARIOS<\/h3>\t\t<\/div>\n\t\t\t\t<\/div>\n\t\t\t\t<div class=\"elementor-element elementor-element-598ceb8 elementor-widget elementor-widget-text-editor\" data-id=\"598ceb8\" data-element_type=\"widget\" data-widget_type=\"text-editor.default\">\n\t\t\t\t<div class=\"elementor-widget-container\">\n\t\t\t\t\t\t\t\t<div class=\"elementor-text-editor elementor-clearfix\">\n\t\t\t\t<p>Nuestros empleados lo acompa\u00f1an en persona para visitar los diferentes programas y lo ayudan a elegir. Cuando compra con nosotros, se le informa del progreso, desde la construcci\u00f3n hasta la finalizaci\u00f3n, de la propiedad que acaba de comprar.<\/p>\t\t\t\t\t<\/div>\n\t\t\t\t\t\t<\/div>\n\t\t\t\t<\/div>\n\t\t\t\t\t\t<\/div>\n\t\t\t\t\t<\/div>\n\t\t<\/div>\n\t\t\t\t<div class=\"elementor-column elementor-col-33 elementor-top-column elementor-element elementor-element-be15bc0\" data-id=\"be15bc0\" data-element_type=\"column\">\n\t\t\t<div class=\"elementor-column-wrap elementor-element-populated\">\n\t\t\t\t\t\t\t<div class=\"elementor-widget-wrap\">\n\t\t\t\t\t\t<div class=\"elementor-element elementor-element-94d1a9c elementor-widget elementor-widget-image\" data-id=\"94d1a9c\" data-element_type=\"widget\" data-widget_type=\"image.default\">\n\t\t\t\t<div class=\"elementor-widget-container\">\n\t\t\t\t\t\t\t\t<div class=\"elementor-image\">\n\t\t\t\t\t\t\t\t\t\t\t\t<img width=\"93\" height=\"88\" src=\"https:\/\/beachaddress.immo\/wp-content\/uploads\/2020\/05\/icono3.png\" class=\"attachment-large size-large\" alt=\"\" loading=\"lazy\" \/>\t\t\t\t\t\t\t\t\t\t\t\t\t\t<\/div>\n\t\t\t\t\t\t<\/div>\n\t\t\t\t<\/div>\n\t\t\t\t<div class=\"elementor-element elementor-element-9577ca2 elementor-widget elementor-widget-heading\" data-id=\"9577ca2\" data-element_type=\"widget\" data-widget_type=\"heading.default\">\n\t\t\t\t<div class=\"elementor-widget-container\">\n\t\t\t<h3 class=\"elementor-heading-title elementor-size-default\">APERTURA DE UNA CUENTA\nBANCARIA<\/h3>\t\t<\/div>\n\t\t\t\t<\/div>\n\t\t\t\t<div class=\"elementor-element elementor-element-cd14f97 elementor-widget elementor-widget-text-editor\" data-id=\"cd14f97\" data-element_type=\"widget\" data-widget_type=\"text-editor.default\">\n\t\t\t\t<div class=\"elementor-widget-container\">\n\t\t\t\t\t\t\t\t<div class=\"elementor-text-editor elementor-clearfix\">\n\t\t\t\t<p>Beach Address Group lo apoya en el proceso de abrir una cuenta bancaria que le permitir\u00e1 cobrar sus alquileres directamente en M\u00e9xico y seguir su cuenta en Internet.<br \/>El banco tambi\u00e9n le proporcionar\u00e1 una tarjeta VISA internacional que se puede utilizar en todo el mundo.<\/p>\t\t\t\t\t<\/div>\n\t\t\t\t\t\t<\/div>\n\t\t\t\t<\/div>\n\t\t\t\t\t\t<\/div>\n\t\t\t\t\t<\/div>\n\t\t<\/div>\n\t\t\t\t\t\t\t\t<\/div>\n\t\t\t\t\t<\/div>\n\t\t<\/section>\n\t\t\t\t<section class=\"elementor-section elementor-top-section elementor-element elementor-element-773949f elementor-section-boxed elementor-section-height-default elementor-section-height-default\" data-id=\"773949f\" data-element_type=\"section\">\n\t\t\t\t\t\t<div class=\"elementor-container elementor-column-gap-default\">\n\t\t\t\t\t\t\t<div class=\"elementor-row\">\n\t\t\t\t\t<div class=\"elementor-column elementor-col-100 elementor-top-column elementor-element elementor-element-6a80382\" data-id=\"6a80382\" data-element_type=\"column\">\n\t\t\t<div class=\"elementor-column-wrap elementor-element-populated\">\n\t\t\t\t\t\t\t<div class=\"elementor-widget-wrap\">\n\t\t\t\t\t\t<div class=\"elementor-element elementor-element-d2aab4c elementor-widget elementor-widget-spacer\" data-id=\"d2aab4c\" data-element_type=\"widget\" data-widget_type=\"spacer.default\">\n\t\t\t\t<div class=\"elementor-widget-container\">\n\t\t\t\t\t<div class=\"elementor-spacer\">\n\t\t\t<div class=\"elementor-spacer-inner\"><\/div>\n\t\t<\/div>\n\t\t\t\t<\/div>\n\t\t\t\t<\/div>\n\t\t\t\t\t\t<\/div>\n\t\t\t\t\t<\/div>\n\t\t<\/div>\n\t\t\t\t\t\t\t\t<\/div>\n\t\t\t\t\t<\/div>\n\t\t<\/section>\n\t\t\t\t<section class=\"elementor-section elementor-top-section elementor-element elementor-element-86dce96 elementor-section-boxed elementor-section-height-default elementor-section-height-default\" data-id=\"86dce96\" data-element_type=\"section\">\n\t\t\t\t\t\t<div class=\"elementor-container elementor-column-gap-default\">\n\t\t\t\t\t\t\t<div class=\"elementor-row\">\n\t\t\t\t\t<div class=\"elementor-column elementor-col-33 elementor-top-column elementor-element elementor-element-3d57354\" data-id=\"3d57354\" data-element_type=\"column\">\n\t\t\t<div class=\"elementor-column-wrap elementor-element-populated\">\n\t\t\t\t\t\t\t<div class=\"elementor-widget-wrap\">\n\t\t\t\t\t\t<div class=\"elementor-element elementor-element-877cf5d elementor-widget elementor-widget-image\" data-id=\"877cf5d\" data-element_type=\"widget\" data-widget_type=\"image.default\">\n\t\t\t\t<div class=\"elementor-widget-container\">\n\t\t\t\t\t\t\t\t<div class=\"elementor-image\">\n\t\t\t\t\t\t\t\t\t\t\t\t<img width=\"93\" height=\"88\" src=\"https:\/\/beachaddress.immo\/wp-content\/uploads\/2020\/05\/icono4.png\" class=\"attachment-large size-large\" alt=\"\" loading=\"lazy\" \/>\t\t\t\t\t\t\t\t\t\t\t\t\t\t<\/div>\n\t\t\t\t\t\t<\/div>\n\t\t\t\t<\/div>\n\t\t\t\t<div class=\"elementor-element elementor-element-2bc841c elementor-widget elementor-widget-heading\" data-id=\"2bc841c\" data-element_type=\"widget\" data-widget_type=\"heading.default\">\n\t\t\t\t<div class=\"elementor-widget-container\">\n\t\t\t<h3 class=\"elementor-heading-title elementor-size-default\">TRANSFERENCIA DE FONDOS PARA\nSUS COMPRAS<\/h3>\t\t<\/div>\n\t\t\t\t<\/div>\n\t\t\t\t<div class=\"elementor-element elementor-element-a6c6f2a elementor-widget elementor-widget-text-editor\" data-id=\"a6c6f2a\" data-element_type=\"widget\" data-widget_type=\"text-editor.default\">\n\t\t\t\t<div class=\"elementor-widget-container\">\n\t\t\t\t\t\t\t\t<div class=\"elementor-text-editor elementor-clearfix\">\n\t\t\t\t<p>Las transferencias de fondos para sus compras se realizan mediante transferencias bancarias internacionales, y le proporcionamos recibos oficiales.<\/p>\t\t\t\t\t<\/div>\n\t\t\t\t\t\t<\/div>\n\t\t\t\t<\/div>\n\t\t\t\t\t\t<\/div>\n\t\t\t\t\t<\/div>\n\t\t<\/div>\n\t\t\t\t<div class=\"elementor-column elementor-col-33 elementor-top-column elementor-element elementor-element-025d0ee\" data-id=\"025d0ee\" data-element_type=\"column\">\n\t\t\t<div class=\"elementor-column-wrap elementor-element-populated\">\n\t\t\t\t\t\t\t<div class=\"elementor-widget-wrap\">\n\t\t\t\t\t\t<div class=\"elementor-element elementor-element-0f84fb8 elementor-widget elementor-widget-image\" data-id=\"0f84fb8\" data-element_type=\"widget\" data-widget_type=\"image.default\">\n\t\t\t\t<div class=\"elementor-widget-container\">\n\t\t\t\t\t\t\t\t<div class=\"elementor-image\">\n\t\t\t\t\t\t\t\t\t\t\t\t<img width=\"93\" height=\"88\" src=\"https:\/\/beachaddress.immo\/wp-content\/uploads\/2020\/05\/icono5.png\" class=\"attachment-large size-large\" alt=\"\" loading=\"lazy\" \/>\t\t\t\t\t\t\t\t\t\t\t\t\t\t<\/div>\n\t\t\t\t\t\t<\/div>\n\t\t\t\t<\/div>\n\t\t\t\t<div class=\"elementor-element elementor-element-ceb0013 elementor-widget elementor-widget-heading\" data-id=\"ceb0013\" data-element_type=\"widget\" data-widget_type=\"heading.default\">\n\t\t\t\t<div class=\"elementor-widget-container\">\n\t\t\t<h3 class=\"elementor-heading-title elementor-size-default\">ASISTENCIA ADMINISTRATIVA Y LEGAL<\/h3>\t\t<\/div>\n\t\t\t\t<\/div>\n\t\t\t\t<div class=\"elementor-element elementor-element-76cb256 elementor-widget elementor-widget-text-editor\" data-id=\"76cb256\" data-element_type=\"widget\" data-widget_type=\"text-editor.default\">\n\t\t\t\t<div class=\"elementor-widget-container\">\n\t\t\t\t\t\t\t\t<div class=\"elementor-text-editor elementor-clearfix\">\n\t\t\t\t<ul style=\"text-align: justify;\">\n \t<li>Seguimiento de firmas y archivo de copias de contratos<\/li>\n \t<li>Redacci\u00f3n de testamentos con nuestros socios abogados y notarios<\/li>\n \t<li>Seguimiento de los pagos de alquiler<\/li>\n \t<li>Poder notarial para transferencias de propiedad<\/li>\n \t<li>Visa para extranjeros que desean residir en M\u00e9xico. Podemos ayudar a obtener sus visas de inmigraci\u00f3n en colaboraci\u00f3n con nuestros abogados asociados<\/li>\n<\/ul>\t\t\t\t\t<\/div>\n\t\t\t\t\t\t<\/div>\n\t\t\t\t<\/div>\n\t\t\t\t\t\t<\/div>\n\t\t\t\t\t<\/div>\n\t\t<\/div>\n\t\t\t\t<div class=\"elementor-column elementor-col-33 elementor-top-column elementor-element elementor-element-a34116e\" data-id=\"a34116e\" data-element_type=\"column\">\n\t\t\t<div class=\"elementor-column-wrap\">\n\t\t\t\t\t\t\t<div class=\"elementor-widget-wrap\">\n\t\t\t\t\t\t\t\t<\/div>\n\t\t\t\t\t<\/div>\n\t\t<\/div>\n\t\t\t\t\t\t\t\t<\/div>\n\t\t\t\t\t<\/div>\n\t\t<\/section>\n\t\t\t\t\t\t\t\t\t<\/div>\n\t\t\t<\/div>\n\t\t\t\t\t<\/div>\n\t\t","protected":false},"excerpt":{"rendered":"<p>PRE-SELECCI\u00d3N DE PROPIEDADES Beach Address Group selecciona rigurosamente los programas inmobiliarios ofrecidos a sus clientes inversores en funci\u00f3n de criterios objetivos: Relaci\u00f3n calidad-precio \/ ubicaci\u00f3n Experiencia, solidez financiera y organizaci\u00f3n de los promotores inmobiliarios Verificaciones legales (t\u00edtulo de la tierra, permiso de construcci\u00f3n &#8230;) VISITA DE LOS PROGRAMAS INMOBILARIOS Nuestros empleados lo acompa\u00f1an en persona&#8230;<\/p>\n","protected":false},"author":1,"featured_media":0,"parent":0,"menu_order":0,"comment_status":"closed","ping_status":"open","template":"templates\/full-width.php","meta":[],"_links":{"self":[{"href":"https:\/\/beachaddress.immo\/es\/wp-json\/wp\/v2\/pages\/5080"}],"collection":[{"href":"https:\/\/beachaddress.immo\/es\/wp-json\/wp\/v2\/pages"}],"about":[{"href":"https:\/\/beachaddress.immo\/es\/wp-json\/wp\/v2\/types\/page"}],"author":[{"embeddable":true,"href":"https:\/\/beachaddress.immo\/es\/wp-json\/wp\/v2\/users\/1"}],"replies":[{"embeddable":true,"href":"https:\/\/beachaddress.immo\/es\/wp-json\/wp\/v2\/comments?post=5080"}],"version-history":[{"count":4,"href":"https:\/\/beachaddress.immo\/es\/wp-json\/wp\/v2\/pages\/5080\/revisions"}],"predecessor-version":[{"id":5239,"href":"https:\/\/beachaddress.immo\/es\/wp-json\/wp\/v2\/pages\/5080\/revisions\/5239"}],"wp:attachment":[{"href":"https:\/\/beachaddress.immo\/es\/wp-json\/wp\/v2\/media?parent=5080"}],"curies":[{"name":"wp","href":"https:\/\/api.w.org\/{rel}","templated":true}]}}