{"id":5107,"date":"2020-05-26T20:51:35","date_gmt":"2020-05-26T20:51:35","guid":{"rendered":"https:\/\/beachaddress.immo\/qui-sommes-nous\/"},"modified":"2020-05-28T08:51:28","modified_gmt":"2020-05-28T08:51:28","slug":"nosotros","status":"publish","type":"page","link":"https:\/\/beachaddress.immo\/es\/nosotros\/","title":{"rendered":"Nosotros"},"content":{"rendered":"\t\t<div data-elementor-type=\"wp-page\" data-elementor-id=\"5107\" class=\"elementor elementor-5107 elementor-4959\">\n\t\t\t\t\t\t<div class=\"elementor-inner\">\n\t\t\t\t<div class=\"elementor-section-wrap\">\n\t\t\t\t\t\t\t\t\t<section class=\"elementor-section elementor-top-section elementor-element elementor-element-1225d4c elementor-section-boxed elementor-section-height-default elementor-section-height-default\" data-id=\"1225d4c\" data-element_type=\"section\">\n\t\t\t\t\t\t<div class=\"elementor-container elementor-column-gap-default\">\n\t\t\t\t\t\t\t<div class=\"elementor-row\">\n\t\t\t\t\t<div class=\"elementor-column elementor-col-100 elementor-top-column elementor-element elementor-element-0539aeb\" data-id=\"0539aeb\" data-element_type=\"column\">\n\t\t\t<div class=\"elementor-column-wrap elementor-element-populated\">\n\t\t\t\t\t\t\t<div class=\"elementor-widget-wrap\">\n\t\t\t\t\t\t<div class=\"elementor-element elementor-element-e607b28 elementor-aspect-ratio-219 elementor-widget elementor-widget-video\" data-id=\"e607b28\" data-element_type=\"widget\" data-settings=\"{&quot;youtube_url&quot;:&quot;https:\\\/\\\/youtu.be\\\/_3k0t-zIb1s&quot;,&quot;show_image_overlay&quot;:&quot;yes&quot;,&quot;image_overlay&quot;:{&quot;url&quot;:&quot;https:\\\/\\\/beachaddress.immo\\\/wp-content\\\/uploads\\\/2020\\\/05\\\/imagen-video.jpg&quot;,&quot;id&quot;:4978},&quot;aspect_ratio&quot;:&quot;219&quot;,&quot;video_type&quot;:&quot;youtube&quot;,&quot;controls&quot;:&quot;yes&quot;}\" data-widget_type=\"video.default\">\n\t\t\t\t<div class=\"elementor-widget-container\">\n\t\t\t\t\t<div class=\"elementor-wrapper elementor-fit-aspect-ratio elementor-open-inline\">\n\t\t\t<div class=\"elementor-video\"><\/div>\t\t\t\t<div class=\"elementor-custom-embed-image-overlay\" style=\"background-image: url(https:\/\/beachaddress.immo\/wp-content\/uploads\/2020\/05\/imagen-video.jpg);\">\n\t\t\t\t\t\t\t\t\t\t\t\t\t\t\t\t<div class=\"elementor-custom-embed-play\" role=\"button\" aria-label=\"Reproducir v\u00eddeo\" tabindex=\"0\">\n\t\t\t\t\t\t\t<i aria-hidden=\"true\" class=\"eicon-play\"><\/i>\t\t\t\t\t\t\t<span class=\"elementor-screen-only\">Reproducir v\u00eddeo<\/span>\n\t\t\t\t\t\t<\/div>\n\t\t\t\t\t\t\t\t\t<\/div>\n\t\t\t\t\t<\/div>\n\t\t\t\t<\/div>\n\t\t\t\t<\/div>\n\t\t\t\t\t\t<\/div>\n\t\t\t\t\t<\/div>\n\t\t<\/div>\n\t\t\t\t\t\t\t\t<\/div>\n\t\t\t\t\t<\/div>\n\t\t<\/section>\n\t\t\t\t<section class=\"elementor-section elementor-top-section elementor-element elementor-element-773949f elementor-section-boxed elementor-section-height-default elementor-section-height-default\" data-id=\"773949f\" data-element_type=\"section\">\n\t\t\t\t\t\t<div class=\"elementor-container elementor-column-gap-default\">\n\t\t\t\t\t\t\t<div class=\"elementor-row\">\n\t\t\t\t\t<div class=\"elementor-column elementor-col-100 elementor-top-column elementor-element elementor-element-6a80382\" data-id=\"6a80382\" data-element_type=\"column\">\n\t\t\t<div class=\"elementor-column-wrap elementor-element-populated\">\n\t\t\t\t\t\t\t<div class=\"elementor-widget-wrap\">\n\t\t\t\t\t\t<div class=\"elementor-element elementor-element-0f843e3 elementor-widget elementor-widget-image\" data-id=\"0f843e3\" data-element_type=\"widget\" data-widget_type=\"image.default\">\n\t\t\t\t<div class=\"elementor-widget-container\">\n\t\t\t\t\t\t\t\t<div class=\"elementor-image\">\n\t\t\t\t\t\t\t\t\t\t\t\t<img src=\"https:\/\/beachaddress.immo\/wp-content\/uploads\/2020\/05\/imagen-nosotros.png\" title=\"imagen-nosotros\" alt=\"imagen-nosotros\" \/>\t\t\t\t\t\t\t\t\t\t\t\t\t\t<\/div>\n\t\t\t\t\t\t<\/div>\n\t\t\t\t<\/div>\n\t\t\t\t<div class=\"elementor-element elementor-element-a6c6f2a elementor-widget elementor-widget-text-editor\" data-id=\"a6c6f2a\" data-element_type=\"widget\" data-widget_type=\"text-editor.default\">\n\t\t\t\t<div class=\"elementor-widget-container\">\n\t\t\t\t\t\t\t\t<div class=\"elementor-text-editor elementor-clearfix\">\n\t\t\t\t<p>Beach Address Group es un corredor profesional de bienes ra\u00edces que atiende a compradores y vendedores de bienes ra\u00edces en la costa caribe\u00f1a en M\u00e9xico. La casa de corretaje est\u00e1 compuesta por un grupo de talentosos agentes inmobiliarios, cercano de sus clientes, liderados por el presidente y fundador franc\u00e9s de la firma, Regis Barbu.<\/p><p>En el Beach Address Group, somos plenamente conscientes de que comprar una propiedad no es solo una simple transacci\u00f3n. Nuestro objetivo es garantizar que su compra se lleve a cabo sin complicaciones, gui\u00e1ndolo paso a paso a lo largo de su proceso de compra.<\/p><p><strong>Con experiencia y conocimiento del mercado, Beach Address Group es el corredor preeminente en la Riviera Maya, haciendo negocios en Playa del Carmen, Tulum, Canc\u00fan y m\u00e1s all\u00e1.<\/strong><\/p>\t\t\t\t\t<\/div>\n\t\t\t\t\t\t<\/div>\n\t\t\t\t<\/div>\n\t\t\t\t\t\t<\/div>\n\t\t\t\t\t<\/div>\n\t\t<\/div>\n\t\t\t\t\t\t\t\t<\/div>\n\t\t\t\t\t<\/div>\n\t\t<\/section>\n\t\t\t\t\t\t\t\t\t<\/div>\n\t\t\t<\/div>\n\t\t\t\t\t<\/div>\n\t\t","protected":false},"excerpt":{"rendered":"<p>Beach Address Group es un corredor profesional de bienes ra\u00edces que atiende a compradores y vendedores de bienes ra\u00edces en la costa caribe\u00f1a en M\u00e9xico. La casa de corretaje est\u00e1 compuesta por un grupo de talentosos agentes inmobiliarios, cercano de sus clientes, liderados por el presidente y fundador franc\u00e9s de la firma, Regis Barbu. En&#8230;<\/p>\n","protected":false},"author":1,"featured_media":0,"parent":0,"menu_order":0,"comment_status":"closed","ping_status":"open","template":"templates\/full-width.php","meta":[],"_links":{"self":[{"href":"https:\/\/beachaddress.immo\/es\/wp-json\/wp\/v2\/pages\/5107"}],"collection":[{"href":"https:\/\/beachaddress.immo\/es\/wp-json\/wp\/v2\/pages"}],"about":[{"href":"https:\/\/beachaddress.immo\/es\/wp-json\/wp\/v2\/types\/page"}],"author":[{"embeddable":true,"href":"https:\/\/beachaddress.immo\/es\/wp-json\/wp\/v2\/users\/1"}],"replies":[{"embeddable":true,"href":"https:\/\/beachaddress.immo\/es\/wp-json\/wp\/v2\/comments?post=5107"}],"version-history":[{"count":3,"href":"https:\/\/beachaddress.immo\/es\/wp-json\/wp\/v2\/pages\/5107\/revisions"}],"predecessor-version":[{"id":5124,"href":"https:\/\/beachaddress.immo\/es\/wp-json\/wp\/v2\/pages\/5107\/revisions\/5124"}],"wp:attachment":[{"href":"https:\/\/beachaddress.immo\/es\/wp-json\/wp\/v2\/media?parent=5107"}],"curies":[{"name":"wp","href":"https:\/\/api.w.org\/{rel}","templated":true}]}}